{"id":83,"date":"2014-05-20T14:56:04","date_gmt":"2014-05-20T12:56:04","guid":{"rendered":"http:\/\/hoelzlhof.de\/wp\/?page_id=83"},"modified":"2026-01-30T19:12:08","modified_gmt":"2026-01-30T17:12:08","slug":"leistungen-und-preise","status":"publish","type":"page","link":"https:\/\/hoelzlhof.de\/?page_id=83","title":{"rendered":"Leistungen und Preise"},"content":{"rendered":"<p><strong>Leistungen<\/strong><\/p>\n<ul>\n<li>Lieferung von 2 x t\u00e4glich Heu oder Heulage<\/li>\n<li>gegen Aufpreis Lieferung von 3 x t\u00e4glich Heu oder Heulage<\/li>\n<li>Lieferung von 3 x t\u00e4glich Kraftfutter inkl. Mineralstofferg\u00e4nzung<\/li>\n<li>T\u00e4glich 2 x Entmisten der Pferdeboxen<\/li>\n<li>Einstreuen der Pferdeboxen mit Stroh oder S\u00e4gemehl (Aufpreis)<\/li>\n<\/ul>\n<p><strong>Benutzung<\/strong><\/p>\n<ul>\n<li>der Lagerr\u00e4ume f\u00fcr Futtermittel<\/li>\n<li>der Reithalle, der Reit- und Longierpl\u00e4tze<\/li>\n<li>der Gemeinschafts-\/Allwetterpaddocks<\/li>\n<li>der Versorgungsr\u00e4ume f\u00fcr Pferd und Reiter<\/li>\n<li>der Sattelkammer und eines Sattelschrankes<\/li>\n<li>der Gemeinschaftskoppeln<\/li>\n<li>eines Abstellplatzes f\u00fcr einen Pferdeanh\u00e4nger<\/li>\n<li>der Freilauf-F\u00fchranlage<\/li>\n<\/ul>\n<p>&nbsp;<\/p>\n<p><strong> Preise<\/strong><\/p>\n<table class=\"mceVisualAid\" border=\"0\">\n<tbody>\n<tr>\n<td class=\"mceVisualAid\">&#8211; Paddockboxen<\/td>\n<td class=\"mceVisualAid\">\u20ac 770,-<\/td>\n<\/tr>\n<tr>\n<td class=\"mceVisualAid\">&#8211; Au\u00dfenboxen ohne Paddock<\/td>\n<td class=\"mceVisualAid\">\u20ac 755,-<\/td>\n<\/tr>\n<tr>\n<td class=\"mceVisualAid\">&#8211; Au\u00dfenboxen mit Paddock<\/td>\n<td class=\"mceVisualAid\">\u20ac 770,-<\/td>\n<\/tr>\n<tr>\n<td class=\"mceVisualAid\">&#8211; Einzelkoppeln je nach Gr\u00f6\u00dfe<\/td>\n<td class=\"mceVisualAid\">(Preise auf Anfrage)<\/td>\n<\/tr>\n<\/tbody>\n<\/table>\n<p>Sonderw\u00fcnsche gegen Aufpreis m\u00f6glich.<br \/>\nPreise inkl.\u00a0ges. MwSt<\/p>\n<p>Stand 1.1.2026<\/p>\n","protected":false},"excerpt":{"rendered":"<p>Leistungen Lieferung von 2 x t\u00e4glich Heu oder Heulage gegen Aufpreis Lieferung von 3 x t\u00e4glich Heu oder Heulage Lieferung von 3 x t\u00e4glich Kraftfutter inkl. Mineralstofferg\u00e4nzung T\u00e4glich 2 x Entmisten der Pferdeboxen Einstreuen der Pferdeboxen mit Stroh oder S\u00e4gemehl (Aufpreis) Benutzung der Lagerr\u00e4ume f\u00fcr Futtermittel der Reithalle, der Reit- und Longierpl\u00e4tze der Gemeinschafts-\/Allwetterpaddocks der &#8230; <a title=\"Leistungen und Preise\" class=\"read-more\" href=\"https:\/\/hoelzlhof.de\/?page_id=83\" aria-label=\"Mehr Informationen \u00fcber Leistungen und Preise\">Weiterlesen<\/a><\/p>\n","protected":false},"author":1,"featured_media":0,"parent":0,"menu_order":0,"comment_status":"closed","ping_status":"closed","template":"","meta":{"footnotes":""},"class_list":["post-83","page","type-page","status-publish"],"_links":{"self":[{"href":"https:\/\/hoelzlhof.de\/index.php?rest_route=\/wp\/v2\/pages\/83"}],"collection":[{"href":"https:\/\/hoelzlhof.de\/index.php?rest_route=\/wp\/v2\/pages"}],"about":[{"href":"https:\/\/hoelzlhof.de\/index.php?rest_route=\/wp\/v2\/types\/page"}],"author":[{"embeddable":true,"href":"https:\/\/hoelzlhof.de\/index.php?rest_route=\/wp\/v2\/users\/1"}],"replies":[{"embeddable":true,"href":"https:\/\/hoelzlhof.de\/index.php?rest_route=%2Fwp%2Fv2%2Fcomments&post=83"}],"version-history":[{"count":15,"href":"https:\/\/hoelzlhof.de\/index.php?rest_route=\/wp\/v2\/pages\/83\/revisions"}],"predecessor-version":[{"id":712,"href":"https:\/\/hoelzlhof.de\/index.php?rest_route=\/wp\/v2\/pages\/83\/revisions\/712"}],"wp:attachment":[{"href":"https:\/\/hoelzlhof.de\/index.php?rest_route=%2Fwp%2Fv2%2Fmedia&parent=83"}],"curies":[{"name":"wp","href":"https:\/\/api.w.org\/{rel}","templated":true}]}}