{"id":72,"date":"2014-05-20T14:25:14","date_gmt":"2014-05-20T12:25:14","guid":{"rendered":"http:\/\/hoelzlhof.de\/wp\/?page_id=72"},"modified":"2015-09-17T08:25:31","modified_gmt":"2015-09-17T06:25:31","slug":"koppeln","status":"publish","type":"page","link":"https:\/\/hoelzlhof.de\/?page_id=72","title":{"rendered":"Koppeln"},"content":{"rendered":"<p>Ihren Bewegungsdrang k\u00f6nnen unsere Pferde ganzj\u00e4hrig auf den gro\u00dfen Gemeinschaftskoppeln ausreichend befriedigen.<br \/>\nDie Koppel werden regelm\u00e4\u00dfig vom Pferdemist gereinigt und fortlaufend gewechselt.<\/p>\n<p>Wenn Sie es w\u00fcnschen wird Ihr Pferd durch unser Personal auf die Koppel gef\u00fchrt.<\/p>\n<p><a href=\"https:\/\/hoelzlhof.de-content\/uploads\/2014\/05\/DSC_0036.jpg\"><img loading=\"lazy\" decoding=\"async\" class=\"alignnone size-medium wp-image-480\" src=\"https:\/\/hoelzlhof.de-content\/uploads\/2014\/05\/DSC_0036-300x200.jpg\" alt=\"DSC_0036\" width=\"300\" height=\"200\" srcset=\"https:\/\/hoelzlhof.de\/wp-content\/uploads\/2014\/05\/DSC_0036-300x200.jpg 300w, https:\/\/hoelzlhof.de\/wp-content\/uploads\/2014\/05\/DSC_0036.jpg 538w\" sizes=\"(max-width: 300px) 100vw, 300px\" \/><\/a> <a href=\"https:\/\/hoelzlhof.de-content\/uploads\/2014\/05\/DSC_0012.jpg\"><img loading=\"lazy\" decoding=\"async\" class=\"alignnone size-medium wp-image-478\" src=\"https:\/\/hoelzlhof.de-content\/uploads\/2014\/05\/DSC_0012-300x200.jpg\" alt=\"DSC_0012\" width=\"300\" height=\"200\" srcset=\"https:\/\/hoelzlhof.de\/wp-content\/uploads\/2014\/05\/DSC_0012-300x200.jpg 300w, https:\/\/hoelzlhof.de\/wp-content\/uploads\/2014\/05\/DSC_0012.jpg 538w\" sizes=\"(max-width: 300px) 100vw, 300px\" \/><\/a> <a href=\"https:\/\/hoelzlhof.de-content\/uploads\/2014\/05\/koppel03.png\"><img loading=\"lazy\" decoding=\"async\" class=\"alignnone size-medium wp-image-363\" src=\"https:\/\/hoelzlhof.de-content\/uploads\/2014\/05\/koppel03-300x169.png\" alt=\"koppel03\" width=\"300\" height=\"169\" srcset=\"https:\/\/hoelzlhof.de\/wp-content\/uploads\/2014\/05\/koppel03-300x169.png 300w, https:\/\/hoelzlhof.de\/wp-content\/uploads\/2014\/05\/koppel03.png 432w\" sizes=\"(max-width: 300px) 100vw, 300px\" \/><\/a><\/p>\n<p>Auf Wunsch (z. B. Hengste) stehen Einzelkoppeln unterschiedlicher Gr\u00f6\u00dfe zur Verf\u00fcgung.<\/p>\n<p><a href=\"https:\/\/hoelzlhof.de-content\/uploads\/2015\/09\/Rundgang13.png\"><img loading=\"lazy\" decoding=\"async\" class=\"alignnone size-medium wp-image-435\" src=\"https:\/\/hoelzlhof.de-content\/uploads\/2015\/09\/Rundgang13-300x200.png\" alt=\"Rundgang13\" width=\"300\" height=\"200\" srcset=\"https:\/\/hoelzlhof.de\/wp-content\/uploads\/2015\/09\/Rundgang13-300x200.png 300w, https:\/\/hoelzlhof.de\/wp-content\/uploads\/2015\/09\/Rundgang13.png 600w\" sizes=\"(max-width: 300px) 100vw, 300px\" \/><\/a> <a href=\"https:\/\/hoelzlhof.de-content\/uploads\/2014\/05\/DSC_0027.jpg\"><img loading=\"lazy\" decoding=\"async\" class=\"alignnone size-medium wp-image-479\" src=\"https:\/\/hoelzlhof.de-content\/uploads\/2014\/05\/DSC_0027-300x200.jpg\" alt=\"DSC_0027\" width=\"300\" height=\"200\" srcset=\"https:\/\/hoelzlhof.de\/wp-content\/uploads\/2014\/05\/DSC_0027-300x200.jpg 300w, https:\/\/hoelzlhof.de\/wp-content\/uploads\/2014\/05\/DSC_0027.jpg 538w\" sizes=\"(max-width: 300px) 100vw, 300px\" \/><\/a><\/p>\n<p>&nbsp;<\/p>\n","protected":false},"excerpt":{"rendered":"<p>Ihren Bewegungsdrang k\u00f6nnen unsere Pferde ganzj\u00e4hrig auf den gro\u00dfen Gemeinschaftskoppeln ausreichend befriedigen. Die Koppel werden regelm\u00e4\u00dfig vom Pferdemist gereinigt und fortlaufend gewechselt. Wenn Sie es w\u00fcnschen wird Ihr Pferd durch unser Personal auf die Koppel gef\u00fchrt. Auf Wunsch (z. B. Hengste) stehen Einzelkoppeln unterschiedlicher Gr\u00f6\u00dfe zur Verf\u00fcgung. &nbsp;<\/p>\n","protected":false},"author":1,"featured_media":0,"parent":0,"menu_order":0,"comment_status":"closed","ping_status":"closed","template":"","meta":{"footnotes":""},"class_list":["post-72","page","type-page","status-publish"],"_links":{"self":[{"href":"https:\/\/hoelzlhof.de\/index.php?rest_route=\/wp\/v2\/pages\/72"}],"collection":[{"href":"https:\/\/hoelzlhof.de\/index.php?rest_route=\/wp\/v2\/pages"}],"about":[{"href":"https:\/\/hoelzlhof.de\/index.php?rest_route=\/wp\/v2\/types\/page"}],"author":[{"embeddable":true,"href":"https:\/\/hoelzlhof.de\/index.php?rest_route=\/wp\/v2\/users\/1"}],"replies":[{"embeddable":true,"href":"https:\/\/hoelzlhof.de\/index.php?rest_route=%2Fwp%2Fv2%2Fcomments&post=72"}],"version-history":[{"count":6,"href":"https:\/\/hoelzlhof.de\/index.php?rest_route=\/wp\/v2\/pages\/72\/revisions"}],"predecessor-version":[{"id":481,"href":"https:\/\/hoelzlhof.de\/index.php?rest_route=\/wp\/v2\/pages\/72\/revisions\/481"}],"wp:attachment":[{"href":"https:\/\/hoelzlhof.de\/index.php?rest_route=%2Fwp%2Fv2%2Fmedia&parent=72"}],"curies":[{"name":"wp","href":"https:\/\/api.w.org\/{rel}","templated":true}]}}