{"id":639,"date":"2020-08-10T14:32:29","date_gmt":"2020-08-10T12:32:29","guid":{"rendered":"http:\/\/hoelzlhof.de\/wp\/?page_id=639"},"modified":"2025-06-22T18:16:54","modified_gmt":"2025-06-22T16:16:54","slug":"unterricht-und-beriit","status":"publish","type":"page","link":"https:\/\/hoelzlhof.de\/?page_id=639","title":{"rendered":"Unterricht und Beritt"},"content":{"rendered":"\n<p>Als Ausbilder von Pferd und Reiter sind auf unserer Anlage Jessica Holly,  Dressurausbilder Stephan Zengler und Springausbilder Philipp Dehning t\u00e4tig.<\/p>\n\n\n\n<p><\/p>\n\n\n\n<p><strong>Jessica Holly<\/strong>&nbsp;<\/p>\n\n\n\n<p>Auf dem H\u00f6lzlhof aufgewachsen und seit ihrer Kindheit eng mit Pferden verbunden,<\/p>\n\n\n\n<p>steht Ihnen Jessica Holly seit November 2022 als Bereiterin und Ausbilderin zur Verf\u00fcgung.<\/p>\n\n\n\n<p>Mit einem erfolgreichen Abschluss in der klassischen Reitausbildung und langj\u00e4hriger Erfahrung im Pferdesport bietet sie Ihnen und Ihrem Pferd eine individuelle und vielseitige Betreuung.&nbsp;<\/p>\n\n\n\n<p>Jessica Hollys Leidenschaft f\u00fcr den Pferdesport spiegelt sich in ihren Leistungen wider.<\/p>\n\n\n\n<p>Mit erfolgreicher Teilnahme an Turnieren kann Jessica Siege und Platzierungen von Reitpferde- bzw. Jungpferdepr\u00fcfungen bis zur Schweren Klasse vorweisen.<\/p>\n\n\n\n<p><\/p>\n\n\n\n<p>Viel Freude bereitet ihr auch die F\u00f6rderung von Kindern und Jugendlichen und ambitionierten Freizeitreitern.<\/p>\n\n\n\n<p>Ein abwechslungsreiches Training steht bei Jessica im Mittelpunkt.<\/p>\n\n\n\n<p>Ob Dressur, Springgymnastik oder Ausreiten \u2013 die Harmonie zwischen Reiter und Pferd ist ihr ebenso wichtig wie eine faire und dennoch konsequente Ausbildung.<\/p>\n\n\n\n<p>&nbsp;<\/p>\n\n\n\n<p><strong>Leistungen auf dem H\u00f6lzlhof:<\/strong><\/p>\n\n\n\n<p>Dressurtraining\/Beritt bis zur Klasse S*<\/p>\n\n\n\n<p>Springtraining\/Beritt bis zur Klasse L<\/p>\n\n\n\n<p>Berittpakete (Preisliste auf Anfrage)<\/p>\n\n\n\n<p>Turniervorstellung<\/p>\n\n\n\n<p>Turnierbegleitung<\/p>\n\n\n\n<p>Jungpferdeausbildung<\/p>\n\n\n\n<p>&nbsp;<\/p>\n\n\n\n<p>Melden Sie sich gerne bei Interesse unter 0151\/28493912<\/p>\n\n\n\n<div class=\"wp-block-cover\" style=\"min-height:100vh;aspect-ratio:unset;\"><span aria-hidden=\"true\" class=\"wp-block-cover__background has-background-dim\" style=\"background-color:#776e55\"><\/span><img loading=\"lazy\" decoding=\"async\" width=\"1706\" height=\"2560\" class=\"wp-block-cover__image-background wp-image-706\" alt=\"\" src=\"https:\/\/hoelzlhof.de\/wp-content\/uploads\/2025\/06\/k-DSC_4424_pp-scaled.jpg\" data-object-fit=\"cover\" srcset=\"https:\/\/hoelzlhof.de\/wp-content\/uploads\/2025\/06\/k-DSC_4424_pp-scaled.jpg 1706w, https:\/\/hoelzlhof.de\/wp-content\/uploads\/2025\/06\/k-DSC_4424_pp-200x300.jpg 200w, https:\/\/hoelzlhof.de\/wp-content\/uploads\/2025\/06\/k-DSC_4424_pp-686x1030.jpg 686w, https:\/\/hoelzlhof.de\/wp-content\/uploads\/2025\/06\/k-DSC_4424_pp-768x1152.jpg 768w, https:\/\/hoelzlhof.de\/wp-content\/uploads\/2025\/06\/k-DSC_4424_pp-1024x1536.jpg 1024w, https:\/\/hoelzlhof.de\/wp-content\/uploads\/2025\/06\/k-DSC_4424_pp-1365x2048.jpg 1365w\" sizes=\"(max-width: 1706px) 100vw, 1706px\" \/><div class=\"wp-block-cover__inner-container is-layout-flow wp-block-cover-is-layout-flow\">\n<p class=\"has-text-align-center has-large-font-size\"><\/p>\n<\/div><\/div>\n\n\n\n<p><\/p>\n\n\n\n<figure class=\"wp-block-image size-large\"><a href=\"https:\/\/hoelzlhof.de\/wp-content\/uploads\/2025\/06\/IMG_4826-scaled.jpeg\"><img loading=\"lazy\" decoding=\"async\" width=\"687\" height=\"1030\" src=\"https:\/\/hoelzlhof.de\/wp-content\/uploads\/2025\/06\/IMG_4826-687x1030.jpeg\" alt=\"\" class=\"wp-image-699\" srcset=\"https:\/\/hoelzlhof.de\/wp-content\/uploads\/2025\/06\/IMG_4826-687x1030.jpeg 687w, https:\/\/hoelzlhof.de\/wp-content\/uploads\/2025\/06\/IMG_4826-200x300.jpeg 200w, https:\/\/hoelzlhof.de\/wp-content\/uploads\/2025\/06\/IMG_4826-768x1152.jpeg 768w, https:\/\/hoelzlhof.de\/wp-content\/uploads\/2025\/06\/IMG_4826-1024x1536.jpeg 1024w, https:\/\/hoelzlhof.de\/wp-content\/uploads\/2025\/06\/IMG_4826-1365x2048.jpeg 1365w, https:\/\/hoelzlhof.de\/wp-content\/uploads\/2025\/06\/IMG_4826-scaled.jpeg 1707w\" sizes=\"(max-width: 687px) 100vw, 687px\" \/><\/a><\/figure>\n\n\n\n<figure class=\"wp-block-image size-large\"><a href=\"https:\/\/hoelzlhof.de\/wp-content\/uploads\/2025\/06\/IMG_4350.jpeg\"><img loading=\"lazy\" decoding=\"async\" width=\"687\" height=\"1030\" src=\"https:\/\/hoelzlhof.de\/wp-content\/uploads\/2025\/06\/IMG_4350-687x1030.jpeg\" alt=\"\" class=\"wp-image-701\" srcset=\"https:\/\/hoelzlhof.de\/wp-content\/uploads\/2025\/06\/IMG_4350-687x1030.jpeg 687w, https:\/\/hoelzlhof.de\/wp-content\/uploads\/2025\/06\/IMG_4350-200x300.jpeg 200w, https:\/\/hoelzlhof.de\/wp-content\/uploads\/2025\/06\/IMG_4350-768x1152.jpeg 768w, https:\/\/hoelzlhof.de\/wp-content\/uploads\/2025\/06\/IMG_4350.jpeg 800w\" sizes=\"(max-width: 687px) 100vw, 687px\" \/><\/a><\/figure>\n\n\n\n<p><strong>Stephan Zengler<\/strong><\/p>\n\n\n\n<p>Stephan Zengler ist ein renommierter Dressurausbilder, welcher selber Siege und Platzierungen bis Grand Prix und mehrfache Siege bei Meisterschaften vorweisen kann.<br>Sein Hauptaugenmerk in der Ausbildung von Pferd und Reiter liegt auf einem harmonischen und durchl\u00e4ssigen Reiten und auf einer reellen, altersgerechten Ausbildung.<br>In ganz Deutschland und \u00d6sterreich \u00fcbermittelt er mit Erfolg Junioren, Jungen Reitern und Kadermitgliedern sein Wissen und sein Spa\u00df an der Arbeit mit Pferden und konnte bereits mehreren seiner Sch\u00fcler zu Meistertiteln verhelfen.<\/p>\n\n\n\n<p>Preisliste:<br>3\u00d7 in der Woche: 430 \u20ac<br>4\u00d7 in der Woche: 520 \u20ac<br>5\u00d7 in der Woche: 600 \u20ac<\/p>\n\n\n\n<p>&nbsp;<\/p>\n\n\n\n<p>Bitte kontaktieren Sie mich unter Tel.&nbsp; 0171\/4888420<\/p>\n\n\n\n<p>&nbsp;<\/p>\n\n\n\n<p>&nbsp;<\/p>\n\n\n\n<p>&nbsp;<\/p>\n\n\n\n<p><strong>Philipp Dehning<\/strong><\/p>\n\n\n\n<p>Philipp Dehning, Pferdewirtschaftsmeister mit dem Schwerpunkt Reiten, ist \u00fcberregional bekannt durch seine anspruchsvollen Spring- und Vielseitigkeitskurse. Sein unverkennbares Kennzeichen: ein Stohhut, der im Sommer weit \u00fcber den Platz blitzt.<\/p>\n\n\n\n<p>Dehnings Turniererfolge reichen im Springen von Siegen in der schweren Klasse bis zu Bayerischen und Deutschen Meisterschaften und in der Vielseitigkeit bis zu internationalen CCI***-Erfolgen.<\/p>\n\n\n\n<p>Seit vielen Jahren hat sich Philipp Dehning auf Unterricht und Kurse spezialisiert, um sein Wissen und seine Erfahrung engagierten und lernwilligen Reiterinnen und Reitern zu vermitteln. Besonders wichtig sind ihm \u2013 neben dem Spa\u00df an der Sache \u2013 ein kompetenter und gleichzeitig motivierender Unterricht sowie pferdegerechte Anforderungen durch individuelle L\u00f6sungsans\u00e4tze. Sein Motto lautet: f\u00f6rdern, aber nicht \u00fcberfordern von Pferd und Reiter!<\/p>\n\n\n\n<p>F\u00fcr weitere Informationen besuchen Sie bitte die Internetseite: <a href=\"http:\/\/www.dehning.info\">www.dehning.info<\/a><\/p>\n\n\n\n<p>Preisliste:<\/p>\n\n\n\n<p>Einzelunterricht 45 \u20ac (ca. 30 min)<br>Gruppenunterricht je 35 \u20ac (2er Gruppe ca . 45 min, 3er Gruppe ca. 60 min)<\/p>\n\n\n\n<p>&nbsp;<\/p>\n\n\n\n<p>Philipp Dehning<br><a class=\"moz-txt-link-abbreviated\" href=\"http:\/\/www.dehning.info\" target=\"_blank\" rel=\"noopener\">www.dehning.info<\/a><br>Mobil: 0179-4911677<br>e-Mail: <a class=\"moz-txt-link-abbreviated\" href=\"mailto:philipp@dehning.info\" target=\"_blank\" rel=\"noopener\">philipp@dehning.info<\/a><\/p>\n\n\n\n<p>&nbsp;<\/p>\n\n\n\n<p>&nbsp;<\/p>\n\n\n\n<p>&nbsp;<\/p>\n","protected":false},"excerpt":{"rendered":"<p>Als Ausbilder von Pferd und Reiter sind auf unserer Anlage Jessica Holly, Dressurausbilder Stephan Zengler und Springausbilder Philipp Dehning t\u00e4tig. Jessica Holly&nbsp; Auf dem H\u00f6lzlhof aufgewachsen und seit ihrer Kindheit eng mit Pferden verbunden, steht Ihnen Jessica Holly seit November 2022 als Bereiterin und Ausbilderin zur Verf\u00fcgung. Mit einem erfolgreichen Abschluss in der klassischen Reitausbildung &#8230; <a title=\"Unterricht und Beritt\" class=\"read-more\" href=\"https:\/\/hoelzlhof.de\/?page_id=639\" aria-label=\"Mehr Informationen \u00fcber Unterricht und Beritt\">Weiterlesen<\/a><\/p>\n","protected":false},"author":2,"featured_media":0,"parent":0,"menu_order":0,"comment_status":"closed","ping_status":"closed","template":"","meta":{"footnotes":""},"class_list":["post-639","page","type-page","status-publish"],"_links":{"self":[{"href":"https:\/\/hoelzlhof.de\/index.php?rest_route=\/wp\/v2\/pages\/639"}],"collection":[{"href":"https:\/\/hoelzlhof.de\/index.php?rest_route=\/wp\/v2\/pages"}],"about":[{"href":"https:\/\/hoelzlhof.de\/index.php?rest_route=\/wp\/v2\/types\/page"}],"author":[{"embeddable":true,"href":"https:\/\/hoelzlhof.de\/index.php?rest_route=\/wp\/v2\/users\/2"}],"replies":[{"embeddable":true,"href":"https:\/\/hoelzlhof.de\/index.php?rest_route=%2Fwp%2Fv2%2Fcomments&post=639"}],"version-history":[{"count":19,"href":"https:\/\/hoelzlhof.de\/index.php?rest_route=\/wp\/v2\/pages\/639\/revisions"}],"predecessor-version":[{"id":709,"href":"https:\/\/hoelzlhof.de\/index.php?rest_route=\/wp\/v2\/pages\/639\/revisions\/709"}],"wp:attachment":[{"href":"https:\/\/hoelzlhof.de\/index.php?rest_route=%2Fwp%2Fv2%2Fmedia&parent=639"}],"curies":[{"name":"wp","href":"https:\/\/api.w.org\/{rel}","templated":true}]}}