{"id":581,"date":"2017-01-02T12:22:59","date_gmt":"2017-01-02T10:22:59","guid":{"rendered":"http:\/\/hoelzlhof.de\/wp\/?page_id=581"},"modified":"2021-12-07T08:51:06","modified_gmt":"2021-12-07T06:51:06","slug":"kundenstimmen","status":"publish","type":"page","link":"https:\/\/hoelzlhof.de\/?page_id=581","title":{"rendered":"Kundenstimmen"},"content":{"rendered":"<p>&nbsp;<\/p>\n<p>&nbsp;<\/p>\n<p>&nbsp;<\/p>\n<p>&nbsp;<\/p>\n<div>\n<div>\n<div>\n<div>\n<div>\n<div>\n<div>Die Reitanlage &#8220;H\u00f6lzlhof&#8221; ist eine \u00e4u\u00dferst gepflegte Anlage, auf der sich Pferd und Reiter wohlf\u00fchlen k\u00f6nnen.<\/div>\n<p>Familie Holly ist immer f\u00fcr alle Belange ansprechbar.<\/p>\n<\/div>\n<\/div>\n<p>Bei der Neuanlage der beiden Winterpaddocks kam die durchdachte Aufbereitung des<\/p>\n<\/div>\n<p>Bodens jetzt sehr deutlich zum Ausdruck. Nachdem der Untergrund mit Rasensteinen eben<\/p>\n<\/div>\n<p>befestigt worden ist und die Sandauflage nicht zu tief bemessen wurde, konnte bei den jetzigen<\/p>\n<\/div>\n<p>Minustemperaturen der Boden als fast glatte Fl\u00e4che gefrieren. Die Verletzungsgefahr f\u00fcr die<\/p>\n<\/div>\n<div>\n<p>Pferde wurde dadurch deutlich verringert.<\/p>\n<p><a href=\"https:\/\/hoelzlhof.de-content\/uploads\/2016\/12\/Gemeinschaftspaddocks-1-1.jpg\"><img loading=\"lazy\" decoding=\"async\" class=\"alignnone size-medium wp-image-554\" src=\"https:\/\/hoelzlhof.de-content\/uploads\/2016\/12\/Gemeinschaftspaddocks-1-1-300x220.jpg\" alt=\"\" width=\"300\" height=\"220\" srcset=\"https:\/\/hoelzlhof.de\/wp-content\/uploads\/2016\/12\/Gemeinschaftspaddocks-1-1-300x220.jpg 300w, https:\/\/hoelzlhof.de\/wp-content\/uploads\/2016\/12\/Gemeinschaftspaddocks-1-1.jpg 600w\" sizes=\"(max-width: 300px) 100vw, 300px\" \/><\/a><\/p>\n<\/div>\n<div>Erw\u00e4hnenswert ist auch die t\u00e4gliche Pflege aller zur Verf\u00fcgung stehenden Einrichtungen wie<\/div>\n<div>\n<p>Reithalle, Longierhalle, Dressur- und Springplatz.<\/p>\n<\/div>\n<div>Vielen Dank!<\/div>\n<div>Dorle und Dani Huitl<\/div>\n","protected":false},"excerpt":{"rendered":"<p>&nbsp; &nbsp; &nbsp; &nbsp; Die Reitanlage &#8220;H\u00f6lzlhof&#8221; ist eine \u00e4u\u00dferst gepflegte Anlage, auf der sich Pferd und Reiter wohlf\u00fchlen k\u00f6nnen. Familie Holly ist immer f\u00fcr alle Belange ansprechbar. Bei der Neuanlage der beiden Winterpaddocks kam die durchdachte Aufbereitung des Bodens jetzt sehr deutlich zum Ausdruck. Nachdem der Untergrund mit Rasensteinen eben befestigt worden ist und &#8230; <a title=\"Kundenstimmen\" class=\"read-more\" href=\"https:\/\/hoelzlhof.de\/?page_id=581\" aria-label=\"Mehr Informationen \u00fcber Kundenstimmen\">Weiterlesen<\/a><\/p>\n","protected":false},"author":1,"featured_media":0,"parent":0,"menu_order":0,"comment_status":"closed","ping_status":"closed","template":"","meta":{"footnotes":""},"class_list":["post-581","page","type-page","status-publish"],"_links":{"self":[{"href":"https:\/\/hoelzlhof.de\/index.php?rest_route=\/wp\/v2\/pages\/581"}],"collection":[{"href":"https:\/\/hoelzlhof.de\/index.php?rest_route=\/wp\/v2\/pages"}],"about":[{"href":"https:\/\/hoelzlhof.de\/index.php?rest_route=\/wp\/v2\/types\/page"}],"author":[{"embeddable":true,"href":"https:\/\/hoelzlhof.de\/index.php?rest_route=\/wp\/v2\/users\/1"}],"replies":[{"embeddable":true,"href":"https:\/\/hoelzlhof.de\/index.php?rest_route=%2Fwp%2Fv2%2Fcomments&post=581"}],"version-history":[{"count":7,"href":"https:\/\/hoelzlhof.de\/index.php?rest_route=\/wp\/v2\/pages\/581\/revisions"}],"predecessor-version":[{"id":654,"href":"https:\/\/hoelzlhof.de\/index.php?rest_route=\/wp\/v2\/pages\/581\/revisions\/654"}],"wp:attachment":[{"href":"https:\/\/hoelzlhof.de\/index.php?rest_route=%2Fwp%2Fv2%2Fmedia&parent=581"}],"curies":[{"name":"wp","href":"https:\/\/api.w.org\/{rel}","templated":true}]}}