{"id":562,"date":"2017-01-01T17:55:33","date_gmt":"2017-01-01T15:55:33","guid":{"rendered":"http:\/\/hoelzlhof.de\/wp\/?page_id=562"},"modified":"2017-01-01T18:55:45","modified_gmt":"2017-01-01T16:55:45","slug":"aktuelles","status":"publish","type":"page","link":"https:\/\/hoelzlhof.de\/?page_id=562","title":{"rendered":"Aktuelles"},"content":{"rendered":"<p>Ab Dezember 2016 stellen wir Ihnen 2\u00a0Gemeinschafts-\/Allwetterpaddocks mit 1.000 m\u00b2 zur Verf\u00fcgung. Der befestigte Untergrund mit Sandsch\u00fcttung garantiert das ganze Jahr \u00fcber trockene Verh\u00e4ltnisse.<\/p>\n<p>&nbsp;<\/p>\n<p>&nbsp;<\/p>\n<p><a href=\"https:\/\/hoelzlhof.de-content\/uploads\/2016\/12\/Gemeinschaftspaddocks-1-1.jpg\"><img loading=\"lazy\" decoding=\"async\" class=\"alignnone size-medium wp-image-554\" src=\"https:\/\/hoelzlhof.de-content\/uploads\/2016\/12\/Gemeinschaftspaddocks-1-1-300x220.jpg\" alt=\"\" width=\"300\" height=\"220\" srcset=\"https:\/\/hoelzlhof.de\/wp-content\/uploads\/2016\/12\/Gemeinschaftspaddocks-1-1-300x220.jpg 300w, https:\/\/hoelzlhof.de\/wp-content\/uploads\/2016\/12\/Gemeinschaftspaddocks-1-1.jpg 600w\" sizes=\"(max-width: 300px) 100vw, 300px\" \/><\/a><\/p>\n","protected":false},"excerpt":{"rendered":"<p>Ab Dezember 2016 stellen wir Ihnen 2\u00a0Gemeinschafts-\/Allwetterpaddocks mit 1.000 m\u00b2 zur Verf\u00fcgung. Der befestigte Untergrund mit Sandsch\u00fcttung garantiert das ganze Jahr \u00fcber trockene Verh\u00e4ltnisse. &nbsp; &nbsp;<\/p>\n","protected":false},"author":1,"featured_media":0,"parent":0,"menu_order":0,"comment_status":"closed","ping_status":"closed","template":"","meta":{"footnotes":""},"class_list":["post-562","page","type-page","status-publish"],"_links":{"self":[{"href":"https:\/\/hoelzlhof.de\/index.php?rest_route=\/wp\/v2\/pages\/562"}],"collection":[{"href":"https:\/\/hoelzlhof.de\/index.php?rest_route=\/wp\/v2\/pages"}],"about":[{"href":"https:\/\/hoelzlhof.de\/index.php?rest_route=\/wp\/v2\/types\/page"}],"author":[{"embeddable":true,"href":"https:\/\/hoelzlhof.de\/index.php?rest_route=\/wp\/v2\/users\/1"}],"replies":[{"embeddable":true,"href":"https:\/\/hoelzlhof.de\/index.php?rest_route=%2Fwp%2Fv2%2Fcomments&post=562"}],"version-history":[{"count":2,"href":"https:\/\/hoelzlhof.de\/index.php?rest_route=\/wp\/v2\/pages\/562\/revisions"}],"predecessor-version":[{"id":580,"href":"https:\/\/hoelzlhof.de\/index.php?rest_route=\/wp\/v2\/pages\/562\/revisions\/580"}],"wp:attachment":[{"href":"https:\/\/hoelzlhof.de\/index.php?rest_route=%2Fwp%2Fv2%2Fmedia&parent=562"}],"curies":[{"name":"wp","href":"https:\/\/api.w.org\/{rel}","templated":true}]}}