{"id":549,"date":"2016-12-31T15:14:33","date_gmt":"2016-12-31T13:14:33","guid":{"rendered":"http:\/\/hoelzlhof.de\/wp\/?page_id=549"},"modified":"2017-01-01T11:14:49","modified_gmt":"2017-01-01T09:14:49","slug":"gemeinschafts-allwetterpaddocks","status":"publish","type":"page","link":"https:\/\/hoelzlhof.de\/?page_id=549","title":{"rendered":"Gemeinschafts-\/Allwetterpaddocks"},"content":{"rendered":"<p>&nbsp;<\/p>\n<p><a href=\"https:\/\/hoelzlhof.de-content\/uploads\/2016\/12\/Gemeinschaftspaddocks-1-1.jpg\"><img loading=\"lazy\" decoding=\"async\" class=\"alignnone size-medium wp-image-554\" src=\"https:\/\/hoelzlhof.de-content\/uploads\/2016\/12\/Gemeinschaftspaddocks-1-1-300x220.jpg\" alt=\"\" width=\"300\" height=\"220\" srcset=\"https:\/\/hoelzlhof.de\/wp-content\/uploads\/2016\/12\/Gemeinschaftspaddocks-1-1-300x220.jpg 300w, https:\/\/hoelzlhof.de\/wp-content\/uploads\/2016\/12\/Gemeinschaftspaddocks-1-1.jpg 600w\" sizes=\"(max-width: 300px) 100vw, 300px\" \/><\/a><\/p>\n<p>Ab Dezember 2016 stellen wir Ihnen 2\u00a0Gemeinschafts-\/Allwetterpaddocks mit 1.000 m\u00b2 zur Verf\u00fcgung. Der befestigte Untergrund mit Sandsch\u00fcttung garantiert das ganze Jahr \u00fcber trockene Verh\u00e4ltnisse.<\/p>\n","protected":false},"excerpt":{"rendered":"<p>&nbsp; Ab Dezember 2016 stellen wir Ihnen 2\u00a0Gemeinschafts-\/Allwetterpaddocks mit 1.000 m\u00b2 zur Verf\u00fcgung. Der befestigte Untergrund mit Sandsch\u00fcttung garantiert das ganze Jahr \u00fcber trockene Verh\u00e4ltnisse.<\/p>\n","protected":false},"author":1,"featured_media":0,"parent":0,"menu_order":0,"comment_status":"closed","ping_status":"closed","template":"","meta":{"footnotes":""},"class_list":["post-549","page","type-page","status-publish"],"_links":{"self":[{"href":"https:\/\/hoelzlhof.de\/index.php?rest_route=\/wp\/v2\/pages\/549"}],"collection":[{"href":"https:\/\/hoelzlhof.de\/index.php?rest_route=\/wp\/v2\/pages"}],"about":[{"href":"https:\/\/hoelzlhof.de\/index.php?rest_route=\/wp\/v2\/types\/page"}],"author":[{"embeddable":true,"href":"https:\/\/hoelzlhof.de\/index.php?rest_route=\/wp\/v2\/users\/1"}],"replies":[{"embeddable":true,"href":"https:\/\/hoelzlhof.de\/index.php?rest_route=%2Fwp%2Fv2%2Fcomments&post=549"}],"version-history":[{"count":6,"href":"https:\/\/hoelzlhof.de\/index.php?rest_route=\/wp\/v2\/pages\/549\/revisions"}],"predecessor-version":[{"id":558,"href":"https:\/\/hoelzlhof.de\/index.php?rest_route=\/wp\/v2\/pages\/549\/revisions\/558"}],"wp:attachment":[{"href":"https:\/\/hoelzlhof.de\/index.php?rest_route=%2Fwp%2Fv2%2Fmedia&parent=549"}],"curies":[{"name":"wp","href":"https:\/\/api.w.org\/{rel}","templated":true}]}}