{"id":409,"date":"2015-09-13T17:24:04","date_gmt":"2015-09-13T15:24:04","guid":{"rendered":"http:\/\/hoelzlhof.de\/wp\/?page_id=409"},"modified":"2015-10-04T08:25:57","modified_gmt":"2015-10-04T06:25:57","slug":"gelassenheitstraining","status":"publish","type":"page","link":"https:\/\/hoelzlhof.de\/?page_id=409","title":{"rendered":"Gelassenheitstraining"},"content":{"rendered":"<p>Bei unserem Gelassenheitstraining werden die Pferde mit Situationen konfrontiert die sie im Alltag erwarten k\u00f6nnen.<\/p>\n<p><a href=\"https:\/\/hoelzlhof.de-content\/uploads\/2015\/09\/Gelassenheit-5.jpg\"><img loading=\"lazy\" decoding=\"async\" class=\"alignnone size-medium wp-image-500\" src=\"https:\/\/hoelzlhof.de-content\/uploads\/2015\/09\/Gelassenheit-5-300x200.jpg\" alt=\"Gelassenheit 5\" width=\"300\" height=\"200\" srcset=\"https:\/\/hoelzlhof.de\/wp-content\/uploads\/2015\/09\/Gelassenheit-5-300x200.jpg 300w, https:\/\/hoelzlhof.de\/wp-content\/uploads\/2015\/09\/Gelassenheit-5.jpg 600w\" sizes=\"(max-width: 300px) 100vw, 300px\" \/><\/a><\/p>\n<p>Ziel ist es dabei die Pferde auf neue und eventuell ungew\u00f6hnliche Situationen vorzubereiten und ihnen den &#8220;Schreckeffekt&#8221; zu nehmen. Dadurch wird das Vertrauensverh\u00e4ltnis Reiter-Pferd gest\u00e4rkt, was wesentlich zur Sicherheit f\u00fcr beide Beteiligten beitr\u00e4gt.<\/p>\n<p><a href=\"https:\/\/hoelzlhof.de-content\/uploads\/2015\/09\/Gelassenheit-6.jpg\"><img loading=\"lazy\" decoding=\"async\" class=\"alignnone size-medium wp-image-501\" src=\"https:\/\/hoelzlhof.de-content\/uploads\/2015\/09\/Gelassenheit-6-300x200.jpg\" alt=\"Gelassenheit 6\" width=\"300\" height=\"200\" srcset=\"https:\/\/hoelzlhof.de\/wp-content\/uploads\/2015\/09\/Gelassenheit-6-300x200.jpg 300w, https:\/\/hoelzlhof.de\/wp-content\/uploads\/2015\/09\/Gelassenheit-6.jpg 600w\" sizes=\"(max-width: 300px) 100vw, 300px\" \/><\/a> <a href=\"https:\/\/hoelzlhof.de-content\/uploads\/2015\/09\/Gelassenheit-3.jpg\"><img loading=\"lazy\" decoding=\"async\" class=\"alignnone size-medium wp-image-498\" src=\"https:\/\/hoelzlhof.de-content\/uploads\/2015\/09\/Gelassenheit-3-300x200.jpg\" alt=\"Gelassenheit 3\" width=\"300\" height=\"200\" srcset=\"https:\/\/hoelzlhof.de\/wp-content\/uploads\/2015\/09\/Gelassenheit-3-300x200.jpg 300w, https:\/\/hoelzlhof.de\/wp-content\/uploads\/2015\/09\/Gelassenheit-3.jpg 600w\" sizes=\"(max-width: 300px) 100vw, 300px\" \/><\/a> <a href=\"https:\/\/hoelzlhof.de-content\/uploads\/2015\/09\/Gelassenheit-2.jpg\"><img loading=\"lazy\" decoding=\"async\" class=\"alignnone size-medium wp-image-497\" src=\"https:\/\/hoelzlhof.de-content\/uploads\/2015\/09\/Gelassenheit-2-300x200.jpg\" alt=\"Gelassenheit 2\" width=\"300\" height=\"200\" srcset=\"https:\/\/hoelzlhof.de\/wp-content\/uploads\/2015\/09\/Gelassenheit-2-300x200.jpg 300w, https:\/\/hoelzlhof.de\/wp-content\/uploads\/2015\/09\/Gelassenheit-2.jpg 600w\" sizes=\"(max-width: 300px) 100vw, 300px\" \/><\/a> <a href=\"https:\/\/hoelzlhof.de-content\/uploads\/2015\/09\/Gelassenheit-1.jpg\"><img loading=\"lazy\" decoding=\"async\" class=\"alignnone size-medium wp-image-496\" src=\"https:\/\/hoelzlhof.de-content\/uploads\/2015\/09\/Gelassenheit-1-300x200.jpg\" alt=\"Gelassenheit 1\" width=\"300\" height=\"200\" srcset=\"https:\/\/hoelzlhof.de\/wp-content\/uploads\/2015\/09\/Gelassenheit-1-300x200.jpg 300w, https:\/\/hoelzlhof.de\/wp-content\/uploads\/2015\/09\/Gelassenheit-1.jpg 600w\" sizes=\"(max-width: 300px) 100vw, 300px\" \/><\/a><\/p>\n<p>&nbsp;<\/p>\n","protected":false},"excerpt":{"rendered":"<p>Bei unserem Gelassenheitstraining werden die Pferde mit Situationen konfrontiert die sie im Alltag erwarten k\u00f6nnen. Ziel ist es dabei die Pferde auf neue und eventuell ungew\u00f6hnliche Situationen vorzubereiten und ihnen den &#8220;Schreckeffekt&#8221; zu nehmen. Dadurch wird das Vertrauensverh\u00e4ltnis Reiter-Pferd gest\u00e4rkt, was wesentlich zur Sicherheit f\u00fcr beide Beteiligten beitr\u00e4gt. &nbsp;<\/p>\n","protected":false},"author":1,"featured_media":0,"parent":0,"menu_order":0,"comment_status":"closed","ping_status":"closed","template":"","meta":{"footnotes":""},"class_list":["post-409","page","type-page","status-publish"],"_links":{"self":[{"href":"https:\/\/hoelzlhof.de\/index.php?rest_route=\/wp\/v2\/pages\/409"}],"collection":[{"href":"https:\/\/hoelzlhof.de\/index.php?rest_route=\/wp\/v2\/pages"}],"about":[{"href":"https:\/\/hoelzlhof.de\/index.php?rest_route=\/wp\/v2\/types\/page"}],"author":[{"embeddable":true,"href":"https:\/\/hoelzlhof.de\/index.php?rest_route=\/wp\/v2\/users\/1"}],"replies":[{"embeddable":true,"href":"https:\/\/hoelzlhof.de\/index.php?rest_route=%2Fwp%2Fv2%2Fcomments&post=409"}],"version-history":[{"count":6,"href":"https:\/\/hoelzlhof.de\/index.php?rest_route=\/wp\/v2\/pages\/409\/revisions"}],"predecessor-version":[{"id":503,"href":"https:\/\/hoelzlhof.de\/index.php?rest_route=\/wp\/v2\/pages\/409\/revisions\/503"}],"wp:attachment":[{"href":"https:\/\/hoelzlhof.de\/index.php?rest_route=%2Fwp%2Fv2%2Fmedia&parent=409"}],"curies":[{"name":"wp","href":"https:\/\/api.w.org\/{rel}","templated":true}]}}