{"id":402,"date":"2015-09-13T17:22:29","date_gmt":"2015-09-13T15:22:29","guid":{"rendered":"http:\/\/hoelzlhof.de\/wp\/?page_id=402"},"modified":"2017-02-02T09:01:40","modified_gmt":"2017-02-02T07:01:40","slug":"weihnachtsfeier","status":"publish","type":"page","link":"https:\/\/hoelzlhof.de\/?page_id=402","title":{"rendered":"Weihnachtsfeier"},"content":{"rendered":"<p>Auf unserer Weihnachtsfeier lassen wir in gem\u00fctlicher Runde das Jahr ausklingen. Bevor wir uns im warmen Reiterst\u00fcberl bei Gl\u00fchwein und Pl\u00e4tzchen aufw\u00e4rmen, bieten uns einige engagierte Reiterinnnen und Reiter meist ein kleines Showprogramm dar.<\/p>\n","protected":false},"excerpt":{"rendered":"<p>Auf unserer Weihnachtsfeier lassen wir in gem\u00fctlicher Runde das Jahr ausklingen. Bevor wir uns im warmen Reiterst\u00fcberl bei Gl\u00fchwein und Pl\u00e4tzchen aufw\u00e4rmen, bieten uns einige engagierte Reiterinnnen und Reiter meist ein kleines Showprogramm dar.<\/p>\n","protected":false},"author":1,"featured_media":0,"parent":0,"menu_order":0,"comment_status":"closed","ping_status":"closed","template":"","meta":{"footnotes":""},"class_list":["post-402","page","type-page","status-publish"],"_links":{"self":[{"href":"https:\/\/hoelzlhof.de\/index.php?rest_route=\/wp\/v2\/pages\/402"}],"collection":[{"href":"https:\/\/hoelzlhof.de\/index.php?rest_route=\/wp\/v2\/pages"}],"about":[{"href":"https:\/\/hoelzlhof.de\/index.php?rest_route=\/wp\/v2\/types\/page"}],"author":[{"embeddable":true,"href":"https:\/\/hoelzlhof.de\/index.php?rest_route=\/wp\/v2\/users\/1"}],"replies":[{"embeddable":true,"href":"https:\/\/hoelzlhof.de\/index.php?rest_route=%2Fwp%2Fv2%2Fcomments&post=402"}],"version-history":[{"count":4,"href":"https:\/\/hoelzlhof.de\/index.php?rest_route=\/wp\/v2\/pages\/402\/revisions"}],"predecessor-version":[{"id":609,"href":"https:\/\/hoelzlhof.de\/index.php?rest_route=\/wp\/v2\/pages\/402\/revisions\/609"}],"wp:attachment":[{"href":"https:\/\/hoelzlhof.de\/index.php?rest_route=%2Fwp%2Fv2%2Fmedia&parent=402"}],"curies":[{"name":"wp","href":"https:\/\/api.w.org\/{rel}","templated":true}]}}