{"id":196,"date":"2014-05-20T16:32:32","date_gmt":"2014-05-20T14:32:32","guid":{"rendered":"http:\/\/hoelzlhof.de\/wp\/?page_id=196"},"modified":"2017-02-02T09:06:49","modified_gmt":"2017-02-02T07:06:49","slug":"reitweg-reitwiese-ausreitgelaende","status":"publish","type":"page","link":"https:\/\/hoelzlhof.de\/?page_id=196","title":{"rendered":"Reitweg \/ Reitwiese \/ Ausreitgel\u00e4nde"},"content":{"rendered":"<p>Der 1,5 km lange Reitweg umschlie\u00dft die 13 Hektar gro\u00dfe Reitanlage und wird vor allem nach dem Training sehr gerne genutzt. Auf der \u00fcber zwei Hektar gro\u00dfen Reitwiese k\u00f6nnen Sie sich mal so richtig austoben.<\/p>\n<p>Die zahlreichen Feldwege bieten Ihnen gute Voraussetzungen zum Ausreiten, z. B. ins ehemalige Buga-Gel\u00e4nde oder bis in den Ebersberger Forst.<\/p>\n<p><a href=\"https:\/\/hoelzlhof.de-content\/uploads\/2014\/05\/Reitweg.jpg\"><img loading=\"lazy\" decoding=\"async\" class=\"alignnone size-medium wp-image-494\" src=\"https:\/\/hoelzlhof.de-content\/uploads\/2014\/05\/Reitweg-300x200.jpg\" alt=\"Reitweg\" width=\"300\" height=\"200\" srcset=\"https:\/\/hoelzlhof.de\/wp-content\/uploads\/2014\/05\/Reitweg-300x200.jpg 300w, https:\/\/hoelzlhof.de\/wp-content\/uploads\/2014\/05\/Reitweg.jpg 600w\" sizes=\"(max-width: 300px) 100vw, 300px\" \/><\/a><\/p>\n","protected":false},"excerpt":{"rendered":"<p>Der 1,5 km lange Reitweg umschlie\u00dft die 13 Hektar gro\u00dfe Reitanlage und wird vor allem nach dem Training sehr gerne genutzt. Auf der \u00fcber zwei Hektar gro\u00dfen Reitwiese k\u00f6nnen Sie sich mal so richtig austoben. Die zahlreichen Feldwege bieten Ihnen gute Voraussetzungen zum Ausreiten, z. B. ins ehemalige Buga-Gel\u00e4nde oder bis in den Ebersberger Forst.<\/p>\n","protected":false},"author":1,"featured_media":0,"parent":0,"menu_order":0,"comment_status":"closed","ping_status":"closed","template":"","meta":{"footnotes":""},"class_list":["post-196","page","type-page","status-publish"],"_links":{"self":[{"href":"https:\/\/hoelzlhof.de\/index.php?rest_route=\/wp\/v2\/pages\/196"}],"collection":[{"href":"https:\/\/hoelzlhof.de\/index.php?rest_route=\/wp\/v2\/pages"}],"about":[{"href":"https:\/\/hoelzlhof.de\/index.php?rest_route=\/wp\/v2\/types\/page"}],"author":[{"embeddable":true,"href":"https:\/\/hoelzlhof.de\/index.php?rest_route=\/wp\/v2\/users\/1"}],"replies":[{"embeddable":true,"href":"https:\/\/hoelzlhof.de\/index.php?rest_route=%2Fwp%2Fv2%2Fcomments&post=196"}],"version-history":[{"count":6,"href":"https:\/\/hoelzlhof.de\/index.php?rest_route=\/wp\/v2\/pages\/196\/revisions"}],"predecessor-version":[{"id":611,"href":"https:\/\/hoelzlhof.de\/index.php?rest_route=\/wp\/v2\/pages\/196\/revisions\/611"}],"wp:attachment":[{"href":"https:\/\/hoelzlhof.de\/index.php?rest_route=%2Fwp%2Fv2%2Fmedia&parent=196"}],"curies":[{"name":"wp","href":"https:\/\/api.w.org\/{rel}","templated":true}]}}