{"id":192,"date":"2014-05-20T16:31:23","date_gmt":"2014-05-20T14:31:23","guid":{"rendered":"http:\/\/hoelzlhof.de\/wp\/?page_id=192"},"modified":"2015-09-13T17:17:35","modified_gmt":"2015-09-13T15:17:35","slug":"dressurplatz","status":"publish","type":"page","link":"https:\/\/hoelzlhof.de\/?page_id=192","title":{"rendered":"Dressurplatz"},"content":{"rendered":"<p>Auf dem Dressurplatz mit einem Hufschlagma\u00df von 20 x 60 Metern wird es niemals eng. Durch den Allwetterbelag ist der Platz selbst nach starken Gewitterregen sofort wieder benutzbar.<\/p>\n<p>Alle unsere Reit- und Longierpl\u00e4tze sind mit Beregnungsanlagen ausgestattet und garantieren somit eine stets staubfreie Atmosph\u00e4re.<\/p>\n<div class=\"entry-content\">\n<p>Durch regelm\u00e4\u00dfige Belagpflege bieten wir Ihnen stets optimale Bedingungen f\u00fcr Ihr Training.<\/p>\n<\/div>\n<p>Die moderne Flutlichtanlage erm\u00f6glicht Ihnen jederzeit unter freiem Himmel zu reiten.<\/p>\n<p><a href=\"https:\/\/hoelzlhof.de-content\/uploads\/2014\/05\/dressurplatz01.png\"><img loading=\"lazy\" decoding=\"async\" class=\"alignnone size-medium wp-image-393\" src=\"https:\/\/hoelzlhof.de-content\/uploads\/2014\/05\/dressurplatz01-300x200.png\" alt=\"dressurplatz01\" width=\"300\" height=\"200\" srcset=\"https:\/\/hoelzlhof.de\/wp-content\/uploads\/2014\/05\/dressurplatz01-300x200.png 300w, https:\/\/hoelzlhof.de\/wp-content\/uploads\/2014\/05\/dressurplatz01.png 432w\" sizes=\"(max-width: 300px) 100vw, 300px\" \/><\/a><\/p>\n<p><a href=\"https:\/\/hoelzlhof.de-content\/uploads\/2014\/05\/dressurplatz02.png\"><img loading=\"lazy\" decoding=\"async\" class=\"alignnone size-medium wp-image-394\" src=\"https:\/\/hoelzlhof.de-content\/uploads\/2014\/05\/dressurplatz02-300x200.png\" alt=\"dressurplatz02\" width=\"300\" height=\"200\" srcset=\"https:\/\/hoelzlhof.de\/wp-content\/uploads\/2014\/05\/dressurplatz02-300x200.png 300w, https:\/\/hoelzlhof.de\/wp-content\/uploads\/2014\/05\/dressurplatz02.png 432w\" sizes=\"(max-width: 300px) 100vw, 300px\" \/><\/a><\/p>\n","protected":false},"excerpt":{"rendered":"<p>Auf dem Dressurplatz mit einem Hufschlagma\u00df von 20 x 60 Metern wird es niemals eng. Durch den Allwetterbelag ist der Platz selbst nach starken Gewitterregen sofort wieder benutzbar. Alle unsere Reit- und Longierpl\u00e4tze sind mit Beregnungsanlagen ausgestattet und garantieren somit eine stets staubfreie Atmosph\u00e4re. Durch regelm\u00e4\u00dfige Belagpflege bieten wir Ihnen stets optimale Bedingungen f\u00fcr Ihr &#8230; <a title=\"Dressurplatz\" class=\"read-more\" href=\"https:\/\/hoelzlhof.de\/?page_id=192\" aria-label=\"Mehr Informationen \u00fcber Dressurplatz\">Weiterlesen<\/a><\/p>\n","protected":false},"author":1,"featured_media":0,"parent":0,"menu_order":0,"comment_status":"closed","ping_status":"closed","template":"","meta":{"footnotes":""},"class_list":["post-192","page","type-page","status-publish"],"_links":{"self":[{"href":"https:\/\/hoelzlhof.de\/index.php?rest_route=\/wp\/v2\/pages\/192"}],"collection":[{"href":"https:\/\/hoelzlhof.de\/index.php?rest_route=\/wp\/v2\/pages"}],"about":[{"href":"https:\/\/hoelzlhof.de\/index.php?rest_route=\/wp\/v2\/types\/page"}],"author":[{"embeddable":true,"href":"https:\/\/hoelzlhof.de\/index.php?rest_route=\/wp\/v2\/users\/1"}],"replies":[{"embeddable":true,"href":"https:\/\/hoelzlhof.de\/index.php?rest_route=%2Fwp%2Fv2%2Fcomments&post=192"}],"version-history":[{"count":5,"href":"https:\/\/hoelzlhof.de\/index.php?rest_route=\/wp\/v2\/pages\/192\/revisions"}],"predecessor-version":[{"id":395,"href":"https:\/\/hoelzlhof.de\/index.php?rest_route=\/wp\/v2\/pages\/192\/revisions\/395"}],"wp:attachment":[{"href":"https:\/\/hoelzlhof.de\/index.php?rest_route=%2Fwp%2Fv2%2Fmedia&parent=192"}],"curies":[{"name":"wp","href":"https:\/\/api.w.org\/{rel}","templated":true}]}}