{"id":189,"date":"2014-05-20T16:30:40","date_gmt":"2014-05-20T14:30:40","guid":{"rendered":"http:\/\/hoelzlhof.de\/wp\/?page_id=189"},"modified":"2015-09-13T17:16:46","modified_gmt":"2015-09-13T15:16:46","slug":"longierzirkel","status":"publish","type":"page","link":"https:\/\/hoelzlhof.de\/?page_id=189","title":{"rendered":"Longierzirkel"},"content":{"rendered":"<p>Der Longierzirkel hat einen Durchmesser von 18 Metern und ist mit einem Allwetterbelag ausgestattet und so jederzeit benutzbar. Durch die Ausstattung mit Flutlicht bieten wir Ihnen so auch in der \u00dcbergangszeit die M\u00f6glichkeit im Freien zu longieren.<\/p>\n<div class=\"entry-content\">\n<p>Alle unsere Reit- und Longierpl\u00e4tze sind mit Beregnungsanlagen ausgestattet und garantieren somit eine stets staubfreie Atmosph\u00e4re.<\/p>\n<p>Durch regelm\u00e4\u00dfige Belagpflege bieten wir Ihnen stets optimale Bedingungen f\u00fcr Ihr Training.<\/p>\n<\/div>\n<p><a href=\"https:\/\/hoelzlhof.de-content\/uploads\/2014\/05\/longierzirkel01.png\"><img loading=\"lazy\" decoding=\"async\" class=\"alignnone size-medium wp-image-390\" src=\"https:\/\/hoelzlhof.de-content\/uploads\/2014\/05\/longierzirkel01-300x200.png\" alt=\"longierzirkel01\" width=\"300\" height=\"200\" srcset=\"https:\/\/hoelzlhof.de\/wp-content\/uploads\/2014\/05\/longierzirkel01-300x200.png 300w, https:\/\/hoelzlhof.de\/wp-content\/uploads\/2014\/05\/longierzirkel01.png 432w\" sizes=\"(max-width: 300px) 100vw, 300px\" \/><\/a><\/p>\n<p><a href=\"https:\/\/hoelzlhof.de-content\/uploads\/2014\/05\/longierzirkel02.png\"><img loading=\"lazy\" decoding=\"async\" class=\"alignnone size-medium wp-image-391\" src=\"https:\/\/hoelzlhof.de-content\/uploads\/2014\/05\/longierzirkel02-300x200.png\" alt=\"longierzirkel02\" width=\"300\" height=\"200\" srcset=\"https:\/\/hoelzlhof.de\/wp-content\/uploads\/2014\/05\/longierzirkel02-300x200.png 300w, https:\/\/hoelzlhof.de\/wp-content\/uploads\/2014\/05\/longierzirkel02.png 432w\" sizes=\"(max-width: 300px) 100vw, 300px\" \/><\/a><\/p>\n","protected":false},"excerpt":{"rendered":"<p>Der Longierzirkel hat einen Durchmesser von 18 Metern und ist mit einem Allwetterbelag ausgestattet und so jederzeit benutzbar. Durch die Ausstattung mit Flutlicht bieten wir Ihnen so auch in der \u00dcbergangszeit die M\u00f6glichkeit im Freien zu longieren. Alle unsere Reit- und Longierpl\u00e4tze sind mit Beregnungsanlagen ausgestattet und garantieren somit eine stets staubfreie Atmosph\u00e4re. Durch regelm\u00e4\u00dfige &#8230; <a title=\"Longierzirkel\" class=\"read-more\" href=\"https:\/\/hoelzlhof.de\/?page_id=189\" aria-label=\"Mehr Informationen \u00fcber Longierzirkel\">Weiterlesen<\/a><\/p>\n","protected":false},"author":1,"featured_media":0,"parent":0,"menu_order":0,"comment_status":"closed","ping_status":"closed","template":"","meta":{"footnotes":""},"class_list":["post-189","page","type-page","status-publish"],"_links":{"self":[{"href":"https:\/\/hoelzlhof.de\/index.php?rest_route=\/wp\/v2\/pages\/189"}],"collection":[{"href":"https:\/\/hoelzlhof.de\/index.php?rest_route=\/wp\/v2\/pages"}],"about":[{"href":"https:\/\/hoelzlhof.de\/index.php?rest_route=\/wp\/v2\/types\/page"}],"author":[{"embeddable":true,"href":"https:\/\/hoelzlhof.de\/index.php?rest_route=\/wp\/v2\/users\/1"}],"replies":[{"embeddable":true,"href":"https:\/\/hoelzlhof.de\/index.php?rest_route=%2Fwp%2Fv2%2Fcomments&post=189"}],"version-history":[{"count":3,"href":"https:\/\/hoelzlhof.de\/index.php?rest_route=\/wp\/v2\/pages\/189\/revisions"}],"predecessor-version":[{"id":392,"href":"https:\/\/hoelzlhof.de\/index.php?rest_route=\/wp\/v2\/pages\/189\/revisions\/392"}],"wp:attachment":[{"href":"https:\/\/hoelzlhof.de\/index.php?rest_route=%2Fwp%2Fv2%2Fmedia&parent=189"}],"curies":[{"name":"wp","href":"https:\/\/api.w.org\/{rel}","templated":true}]}}