{"id":180,"date":"2014-05-20T16:29:05","date_gmt":"2014-05-20T14:29:05","guid":{"rendered":"http:\/\/hoelzlhof.de\/wp\/?page_id=180"},"modified":"2015-09-13T17:13:39","modified_gmt":"2015-09-13T15:13:39","slug":"reithalle-reiterstueberl","status":"publish","type":"page","link":"https:\/\/hoelzlhof.de\/?page_id=180","title":{"rendered":"Reithalle \/ Reiterst\u00fcberl \/ Sitzecke"},"content":{"rendered":"<p>In unserer riesigen Reithalle mit 24 x 64 Meter Hufschlagma\u00df werden Sie sich sofort wohl f\u00fchlen.<\/p>\n<p>Durch die Vollholzbauweise und die vielen Echtglasfenster mit Lichtfirst entsteht eine lichtdurchflutete, behagliche Atmosph\u00e4re, die das Reiten immer wieder zu einem Erlebnis werden l\u00e4\u00dft.<\/p>\n<div class=\"entry-content\">\n<p>Alle unsere Reit- und Longierpl\u00e4tze sind mit Beregnungsanlagen ausgestattet und garantieren somit eine stets staubfreie Atmosph\u00e4re.<\/p>\n<p>Durch regelm\u00e4\u00dfige Belagpflege bieten wir Ihnen stets optimale Bedingungen f\u00fcr Ihr Training.<\/p>\n<\/div>\n<p><a href=\"https:\/\/hoelzlhof.de-content\/uploads\/2014\/05\/reithalle01.png\"><img loading=\"lazy\" decoding=\"async\" class=\"alignnone size-medium wp-image-378\" src=\"https:\/\/hoelzlhof.de-content\/uploads\/2014\/05\/reithalle01-300x200.png\" alt=\"reithalle01\" width=\"300\" height=\"200\" srcset=\"https:\/\/hoelzlhof.de\/wp-content\/uploads\/2014\/05\/reithalle01-300x200.png 300w, https:\/\/hoelzlhof.de\/wp-content\/uploads\/2014\/05\/reithalle01.png 432w\" sizes=\"(max-width: 300px) 100vw, 300px\" \/><\/a><\/p>\n<p>Vom gem\u00fctlichen Reiterst\u00fcberl mit K\u00fcche k\u00f6nnen Sie bei einer Tasse Kaffee direkt die Aktivit\u00e4ten in der Reithalle beobachten.<\/p>\n<p><a href=\"https:\/\/hoelzlhof.de-content\/uploads\/2014\/05\/reiterstueberl.png\"><img loading=\"lazy\" decoding=\"async\" class=\"alignnone size-medium wp-image-379\" src=\"https:\/\/hoelzlhof.de-content\/uploads\/2014\/05\/reiterstueberl-300x200.png\" alt=\"reiterstueberl\" width=\"300\" height=\"200\" srcset=\"https:\/\/hoelzlhof.de\/wp-content\/uploads\/2014\/05\/reiterstueberl-300x200.png 300w, https:\/\/hoelzlhof.de\/wp-content\/uploads\/2014\/05\/reiterstueberl.png 432w\" sizes=\"(max-width: 300px) 100vw, 300px\" \/><\/a><\/p>\n<p><a href=\"https:\/\/hoelzlhof.de-content\/uploads\/2014\/05\/sitzecke.png\"><img loading=\"lazy\" decoding=\"async\" class=\"alignnone size-medium wp-image-381\" src=\"https:\/\/hoelzlhof.de-content\/uploads\/2014\/05\/sitzecke-300x200.png\" alt=\"sitzecke\" width=\"300\" height=\"200\" srcset=\"https:\/\/hoelzlhof.de\/wp-content\/uploads\/2014\/05\/sitzecke-300x200.png 300w, https:\/\/hoelzlhof.de\/wp-content\/uploads\/2014\/05\/sitzecke.png 432w\" sizes=\"(max-width: 300px) 100vw, 300px\" \/><\/a><\/p>\n<p><a href=\"https:\/\/hoelzlhof.de-content\/uploads\/2014\/05\/sitzecke02.png\"><img loading=\"lazy\" decoding=\"async\" class=\"alignnone size-medium wp-image-382\" src=\"https:\/\/hoelzlhof.de-content\/uploads\/2014\/05\/sitzecke02-300x200.png\" alt=\"sitzecke02\" width=\"300\" height=\"200\" srcset=\"https:\/\/hoelzlhof.de\/wp-content\/uploads\/2014\/05\/sitzecke02-300x200.png 300w, https:\/\/hoelzlhof.de\/wp-content\/uploads\/2014\/05\/sitzecke02.png 432w\" sizes=\"(max-width: 300px) 100vw, 300px\" \/><\/a><\/p>\n","protected":false},"excerpt":{"rendered":"<p>In unserer riesigen Reithalle mit 24 x 64 Meter Hufschlagma\u00df werden Sie sich sofort wohl f\u00fchlen. Durch die Vollholzbauweise und die vielen Echtglasfenster mit Lichtfirst entsteht eine lichtdurchflutete, behagliche Atmosph\u00e4re, die das Reiten immer wieder zu einem Erlebnis werden l\u00e4\u00dft. Alle unsere Reit- und Longierpl\u00e4tze sind mit Beregnungsanlagen ausgestattet und garantieren somit eine stets staubfreie &#8230; <a title=\"Reithalle \/ Reiterst\u00fcberl \/ Sitzecke\" class=\"read-more\" href=\"https:\/\/hoelzlhof.de\/?page_id=180\" aria-label=\"Mehr Informationen \u00fcber Reithalle \/ Reiterst\u00fcberl \/ Sitzecke\">Weiterlesen<\/a><\/p>\n","protected":false},"author":1,"featured_media":0,"parent":0,"menu_order":0,"comment_status":"closed","ping_status":"closed","template":"","meta":{"footnotes":""},"class_list":["post-180","page","type-page","status-publish"],"_links":{"self":[{"href":"https:\/\/hoelzlhof.de\/index.php?rest_route=\/wp\/v2\/pages\/180"}],"collection":[{"href":"https:\/\/hoelzlhof.de\/index.php?rest_route=\/wp\/v2\/pages"}],"about":[{"href":"https:\/\/hoelzlhof.de\/index.php?rest_route=\/wp\/v2\/types\/page"}],"author":[{"embeddable":true,"href":"https:\/\/hoelzlhof.de\/index.php?rest_route=\/wp\/v2\/users\/1"}],"replies":[{"embeddable":true,"href":"https:\/\/hoelzlhof.de\/index.php?rest_route=%2Fwp%2Fv2%2Fcomments&post=180"}],"version-history":[{"count":5,"href":"https:\/\/hoelzlhof.de\/index.php?rest_route=\/wp\/v2\/pages\/180\/revisions"}],"predecessor-version":[{"id":383,"href":"https:\/\/hoelzlhof.de\/index.php?rest_route=\/wp\/v2\/pages\/180\/revisions\/383"}],"wp:attachment":[{"href":"https:\/\/hoelzlhof.de\/index.php?rest_route=%2Fwp%2Fv2%2Fmedia&parent=180"}],"curies":[{"name":"wp","href":"https:\/\/api.w.org\/{rel}","templated":true}]}}