{"id":165,"date":"2014-05-20T16:23:26","date_gmt":"2014-05-20T14:23:26","guid":{"rendered":"http:\/\/hoelzlhof.de\/wp\/?page_id=165"},"modified":"2015-09-13T17:11:33","modified_gmt":"2015-09-13T15:11:33","slug":"sattelkammern","status":"publish","type":"page","link":"https:\/\/hoelzlhof.de\/?page_id=165","title":{"rendered":"Sattelkammern"},"content":{"rendered":"<p>Die vier beheizten Sattelkammern sind mit warmen und kaltem Wasser, Sattel- und Trensenhaltern, sowie mit gro\u00dfen Sattelschr\u00e4nken ausgestattet. So k\u00f6nnen Sie pro Pferd zwei S\u00e4ttel mit dem erforderlichen Zubeh\u00f6r komfortabel unterbringen.<\/p>\n<p><a href=\"https:\/\/hoelzlhof.de-content\/uploads\/2014\/05\/sattelkammer01.png\"><img loading=\"lazy\" decoding=\"async\" class=\"alignnone size-medium wp-image-375\" src=\"https:\/\/hoelzlhof.de-content\/uploads\/2014\/05\/sattelkammer01-300x200.png\" alt=\"sattelkammer01\" width=\"300\" height=\"200\" srcset=\"https:\/\/hoelzlhof.de\/wp-content\/uploads\/2014\/05\/sattelkammer01-300x200.png 300w, https:\/\/hoelzlhof.de\/wp-content\/uploads\/2014\/05\/sattelkammer01.png 432w\" sizes=\"(max-width: 300px) 100vw, 300px\" \/><\/a><\/p>\n<p><a href=\"https:\/\/hoelzlhof.de-content\/uploads\/2014\/05\/sattelkammer02.png\"><img loading=\"lazy\" decoding=\"async\" class=\"alignnone size-medium wp-image-376\" src=\"https:\/\/hoelzlhof.de-content\/uploads\/2014\/05\/sattelkammer02-300x200.png\" alt=\"sattelkammer02\" width=\"300\" height=\"200\" srcset=\"https:\/\/hoelzlhof.de\/wp-content\/uploads\/2014\/05\/sattelkammer02-300x200.png 300w, https:\/\/hoelzlhof.de\/wp-content\/uploads\/2014\/05\/sattelkammer02.png 432w\" sizes=\"(max-width: 300px) 100vw, 300px\" \/><\/a><\/p>\n<p>&nbsp;<\/p>\n","protected":false},"excerpt":{"rendered":"<p>Die vier beheizten Sattelkammern sind mit warmen und kaltem Wasser, Sattel- und Trensenhaltern, sowie mit gro\u00dfen Sattelschr\u00e4nken ausgestattet. So k\u00f6nnen Sie pro Pferd zwei S\u00e4ttel mit dem erforderlichen Zubeh\u00f6r komfortabel unterbringen. &nbsp;<\/p>\n","protected":false},"author":1,"featured_media":0,"parent":0,"menu_order":0,"comment_status":"closed","ping_status":"closed","template":"","meta":{"footnotes":""},"class_list":["post-165","page","type-page","status-publish"],"_links":{"self":[{"href":"https:\/\/hoelzlhof.de\/index.php?rest_route=\/wp\/v2\/pages\/165"}],"collection":[{"href":"https:\/\/hoelzlhof.de\/index.php?rest_route=\/wp\/v2\/pages"}],"about":[{"href":"https:\/\/hoelzlhof.de\/index.php?rest_route=\/wp\/v2\/types\/page"}],"author":[{"embeddable":true,"href":"https:\/\/hoelzlhof.de\/index.php?rest_route=\/wp\/v2\/users\/1"}],"replies":[{"embeddable":true,"href":"https:\/\/hoelzlhof.de\/index.php?rest_route=%2Fwp%2Fv2%2Fcomments&post=165"}],"version-history":[{"count":2,"href":"https:\/\/hoelzlhof.de\/index.php?rest_route=\/wp\/v2\/pages\/165\/revisions"}],"predecessor-version":[{"id":377,"href":"https:\/\/hoelzlhof.de\/index.php?rest_route=\/wp\/v2\/pages\/165\/revisions\/377"}],"wp:attachment":[{"href":"https:\/\/hoelzlhof.de\/index.php?rest_route=%2Fwp%2Fv2%2Fmedia&parent=165"}],"curies":[{"name":"wp","href":"https:\/\/api.w.org\/{rel}","templated":true}]}}