{"id":153,"date":"2014-05-20T16:17:26","date_gmt":"2014-05-20T14:17:26","guid":{"rendered":"http:\/\/hoelzlhof.de\/wp\/?page_id=153"},"modified":"2015-09-13T17:08:35","modified_gmt":"2015-09-13T15:08:35","slug":"solarium","status":"publish","type":"page","link":"https:\/\/hoelzlhof.de\/?page_id=153","title":{"rendered":"Solarium"},"content":{"rendered":"<p>Nach getaner Arbeit k\u00f6nnen Sie Ihr Pferd unter unserer &#8220;k\u00fcnstlichen Sonne&#8221; mit Hei\u00dfluftf\u00f6hn verw\u00f6hnen.<\/p>\n<p><a href=\"https:\/\/hoelzlhof.de-content\/uploads\/2014\/05\/solarium.png\"><img loading=\"lazy\" decoding=\"async\" class=\"alignnone size-medium wp-image-368\" src=\"https:\/\/hoelzlhof.de-content\/uploads\/2014\/05\/solarium-300x200.png\" alt=\"solarium\" width=\"300\" height=\"200\" srcset=\"https:\/\/hoelzlhof.de\/wp-content\/uploads\/2014\/05\/solarium-300x200.png 300w, https:\/\/hoelzlhof.de\/wp-content\/uploads\/2014\/05\/solarium.png 432w\" sizes=\"(max-width: 300px) 100vw, 300px\" \/><\/a><\/p>\n","protected":false},"excerpt":{"rendered":"<p>Nach getaner Arbeit k\u00f6nnen Sie Ihr Pferd unter unserer &#8220;k\u00fcnstlichen Sonne&#8221; mit Hei\u00dfluftf\u00f6hn verw\u00f6hnen.<\/p>\n","protected":false},"author":1,"featured_media":0,"parent":0,"menu_order":0,"comment_status":"closed","ping_status":"closed","template":"","meta":{"footnotes":""},"class_list":["post-153","page","type-page","status-publish"],"_links":{"self":[{"href":"https:\/\/hoelzlhof.de\/index.php?rest_route=\/wp\/v2\/pages\/153"}],"collection":[{"href":"https:\/\/hoelzlhof.de\/index.php?rest_route=\/wp\/v2\/pages"}],"about":[{"href":"https:\/\/hoelzlhof.de\/index.php?rest_route=\/wp\/v2\/types\/page"}],"author":[{"embeddable":true,"href":"https:\/\/hoelzlhof.de\/index.php?rest_route=\/wp\/v2\/users\/1"}],"replies":[{"embeddable":true,"href":"https:\/\/hoelzlhof.de\/index.php?rest_route=%2Fwp%2Fv2%2Fcomments&post=153"}],"version-history":[{"count":2,"href":"https:\/\/hoelzlhof.de\/index.php?rest_route=\/wp\/v2\/pages\/153\/revisions"}],"predecessor-version":[{"id":369,"href":"https:\/\/hoelzlhof.de\/index.php?rest_route=\/wp\/v2\/pages\/153\/revisions\/369"}],"wp:attachment":[{"href":"https:\/\/hoelzlhof.de\/index.php?rest_route=%2Fwp%2Fv2%2Fmedia&parent=153"}],"curies":[{"name":"wp","href":"https:\/\/api.w.org\/{rel}","templated":true}]}}