{"id":149,"date":"2014-05-20T16:14:05","date_gmt":"2014-05-20T14:14:05","guid":{"rendered":"http:\/\/hoelzlhof.de\/wp\/?page_id=149"},"modified":"2015-09-13T17:07:43","modified_gmt":"2015-09-13T15:07:43","slug":"freilauffuehranlage","status":"publish","type":"page","link":"https:\/\/hoelzlhof.de\/?page_id=149","title":{"rendered":"Freilauff\u00fchranlage"},"content":{"rendered":"<p>Unsere F\u00fchranlage unterst\u00fctzt Sie auf einfache und praktische Weise bei der Konditionierung Ihres Pferdes. Die regelm\u00e4\u00dfige, aktive Bewegung unter Artgenossen erh\u00f6ht die Belastbarkeit des Bewegungsapparates, beugt Verletzungen vor und hilft somit teure Behandlungskosten einzusparen.<\/p>\n<p>Durch die offene Bauweise bewegen sich die Pferde an frischer Luft, jedoch unter Dach, so das die Anlage auch bei widrigen Wetterbedingungen vollen Komfort bietet.<\/p>\n<p>Unsere F\u00fchranlage ist mit einer Beregnungsanlage ausgestattet und garantiert eine staubfreie Atmosph\u00e4re.<\/p>\n<p>Durch regelm\u00e4\u00dfige Belagpflege bieten wir Ihrem Pferd stets optimale Bedingungen.<\/p>\n<p>&nbsp;<\/p>\n<p><a href=\"https:\/\/hoelzlhof.de-content\/uploads\/2014\/05\/fuehranlage01.png\"><img loading=\"lazy\" decoding=\"async\" class=\"alignnone size-medium wp-image-365\" src=\"https:\/\/hoelzlhof.de-content\/uploads\/2014\/05\/fuehranlage01-300x200.png\" alt=\"fuehranlage01\" width=\"300\" height=\"200\" srcset=\"https:\/\/hoelzlhof.de\/wp-content\/uploads\/2014\/05\/fuehranlage01-300x200.png 300w, https:\/\/hoelzlhof.de\/wp-content\/uploads\/2014\/05\/fuehranlage01.png 432w\" sizes=\"(max-width: 300px) 100vw, 300px\" \/><\/a><\/p>\n<p><a href=\"https:\/\/hoelzlhof.de-content\/uploads\/2014\/05\/fuehranlage02.png\"><img loading=\"lazy\" decoding=\"async\" class=\"alignnone size-medium wp-image-366\" src=\"https:\/\/hoelzlhof.de-content\/uploads\/2014\/05\/fuehranlage02-300x200.png\" alt=\"fuehranlage02\" width=\"300\" height=\"200\" srcset=\"https:\/\/hoelzlhof.de\/wp-content\/uploads\/2014\/05\/fuehranlage02-300x200.png 300w, https:\/\/hoelzlhof.de\/wp-content\/uploads\/2014\/05\/fuehranlage02.png 432w\" sizes=\"(max-width: 300px) 100vw, 300px\" \/><\/a><\/p>\n","protected":false},"excerpt":{"rendered":"<p>Unsere F\u00fchranlage unterst\u00fctzt Sie auf einfache und praktische Weise bei der Konditionierung Ihres Pferdes. Die regelm\u00e4\u00dfige, aktive Bewegung unter Artgenossen erh\u00f6ht die Belastbarkeit des Bewegungsapparates, beugt Verletzungen vor und hilft somit teure Behandlungskosten einzusparen. Durch die offene Bauweise bewegen sich die Pferde an frischer Luft, jedoch unter Dach, so das die Anlage auch bei widrigen &#8230; <a title=\"Freilauff\u00fchranlage\" class=\"read-more\" href=\"https:\/\/hoelzlhof.de\/?page_id=149\" aria-label=\"Mehr Informationen \u00fcber Freilauff\u00fchranlage\">Weiterlesen<\/a><\/p>\n","protected":false},"author":1,"featured_media":0,"parent":0,"menu_order":0,"comment_status":"closed","ping_status":"closed","template":"","meta":{"footnotes":""},"class_list":["post-149","page","type-page","status-publish"],"_links":{"self":[{"href":"https:\/\/hoelzlhof.de\/index.php?rest_route=\/wp\/v2\/pages\/149"}],"collection":[{"href":"https:\/\/hoelzlhof.de\/index.php?rest_route=\/wp\/v2\/pages"}],"about":[{"href":"https:\/\/hoelzlhof.de\/index.php?rest_route=\/wp\/v2\/types\/page"}],"author":[{"embeddable":true,"href":"https:\/\/hoelzlhof.de\/index.php?rest_route=\/wp\/v2\/users\/1"}],"replies":[{"embeddable":true,"href":"https:\/\/hoelzlhof.de\/index.php?rest_route=%2Fwp%2Fv2%2Fcomments&post=149"}],"version-history":[{"count":2,"href":"https:\/\/hoelzlhof.de\/index.php?rest_route=\/wp\/v2\/pages\/149\/revisions"}],"predecessor-version":[{"id":367,"href":"https:\/\/hoelzlhof.de\/index.php?rest_route=\/wp\/v2\/pages\/149\/revisions\/367"}],"wp:attachment":[{"href":"https:\/\/hoelzlhof.de\/index.php?rest_route=%2Fwp%2Fv2%2Fmedia&parent=149"}],"curies":[{"name":"wp","href":"https:\/\/api.w.org\/{rel}","templated":true}]}}