{"id":143,"date":"2014-05-20T16:08:23","date_gmt":"2014-05-20T14:08:23","guid":{"rendered":"http:\/\/hoelzlhof.de\/wp\/?page_id=143"},"modified":"2014-05-20T16:08:23","modified_gmt":"2014-05-20T14:08:23","slug":"fuetterung-und-betreuung","status":"publish","type":"page","link":"https:\/\/hoelzlhof.de\/?page_id=143","title":{"rendered":"F\u00fctterung und Betreuung"},"content":{"rendered":"<p>Da die Gesundheit und somit auch die Leistungsf\u00e4higkeit der Pferde ma\u00dfgeblich durch das Futter bestimmt wird, kommen bei uns ausschlie\u00dflich eigenerzeugte Futtermittel (Hafer, Gerste, Mais) zur Verwendung.<\/p>\n<p>Die individuellen Rationen werden durch ein Mineralfutter erg\u00e4nzt.<\/p>\n<p>Die Heuration (ausschlie\u00dflich erstklassiges Pferdeheu &#8211; &#8220;erster Schnitt&#8221;) kann bei Bedarf (z.B. Allergiker) durch Heulage ersetzt werden.<\/p>\n<p>Die Zusammensetzung und Menge der Futterration bestimmen Sie entweder selbst oder wir berechnen Ihnen eine auf Konstitution und Leistungsniveau Ihres Pferdes abgestimmte Ration.<\/p>\n<p>Selbstverst\u00e4ndlich werden notwendige Medikamente kostenlos verabreicht.<\/p>\n<p>Ihre Pferde werden durch ausgebildetes Fachpersonal betreut.<\/p>\n","protected":false},"excerpt":{"rendered":"<p>Da die Gesundheit und somit auch die Leistungsf\u00e4higkeit der Pferde ma\u00dfgeblich durch das Futter bestimmt wird, kommen bei uns ausschlie\u00dflich eigenerzeugte Futtermittel (Hafer, Gerste, Mais) zur Verwendung. Die individuellen Rationen werden durch ein Mineralfutter erg\u00e4nzt. Die Heuration (ausschlie\u00dflich erstklassiges Pferdeheu &#8211; &#8220;erster Schnitt&#8221;) kann bei Bedarf (z.B. Allergiker) durch Heulage ersetzt werden. Die Zusammensetzung und &#8230; <a title=\"F\u00fctterung und Betreuung\" class=\"read-more\" href=\"https:\/\/hoelzlhof.de\/?page_id=143\" aria-label=\"Mehr Informationen \u00fcber F\u00fctterung und Betreuung\">Weiterlesen<\/a><\/p>\n","protected":false},"author":1,"featured_media":0,"parent":0,"menu_order":0,"comment_status":"closed","ping_status":"closed","template":"","meta":{"footnotes":""},"class_list":["post-143","page","type-page","status-publish"],"_links":{"self":[{"href":"https:\/\/hoelzlhof.de\/index.php?rest_route=\/wp\/v2\/pages\/143"}],"collection":[{"href":"https:\/\/hoelzlhof.de\/index.php?rest_route=\/wp\/v2\/pages"}],"about":[{"href":"https:\/\/hoelzlhof.de\/index.php?rest_route=\/wp\/v2\/types\/page"}],"author":[{"embeddable":true,"href":"https:\/\/hoelzlhof.de\/index.php?rest_route=\/wp\/v2\/users\/1"}],"replies":[{"embeddable":true,"href":"https:\/\/hoelzlhof.de\/index.php?rest_route=%2Fwp%2Fv2%2Fcomments&post=143"}],"version-history":[{"count":1,"href":"https:\/\/hoelzlhof.de\/index.php?rest_route=\/wp\/v2\/pages\/143\/revisions"}],"predecessor-version":[{"id":144,"href":"https:\/\/hoelzlhof.de\/index.php?rest_route=\/wp\/v2\/pages\/143\/revisions\/144"}],"wp:attachment":[{"href":"https:\/\/hoelzlhof.de\/index.php?rest_route=%2Fwp%2Fv2%2Fmedia&parent=143"}],"curies":[{"name":"wp","href":"https:\/\/api.w.org\/{rel}","templated":true}]}}